{"id":184,"date":"2017-06-14T20:11:30","date_gmt":"2017-06-14T20:11:30","guid":{"rendered":"https:\/\/www.bountydevelops.com\/web\/?page_id=184"},"modified":"2021-03-22T17:24:30","modified_gmt":"2021-03-22T17:24:30","slug":"bounty-develops-3","status":"publish","type":"page","link":"https:\/\/www.bountydevelops.com\/web\/","title":{"rendered":"BOUNTY DEVELOPS"},"content":{"rendered":"<div id=\"pl-184\"  class=\"panel-layout\" ><div id=\"pg-184-0\"  class=\"panel-grid panel-no-style\" ><div id=\"pgc-184-0-0\"  class=\"panel-grid-cell\" ><div id=\"panel-184-0-0-0\" class=\"widget_text so-panel widget widget_custom_html panel-first-child panel-last-child\" data-index=\"0\" ><div class=\"widget_text textointroweb panel-widget-style panel-widget-style-for-184-0-0-0\" ><div class=\"textwidget custom-html-widget\"><p class=\"textointroweb\">\u00bfTienes alguna pregunta? <span class=\"textorojo\">Cont\u00e1ctanos r\u00e1pidamente en gerentecol@bountydevelops.com<\/span><\/p><\/div><\/div><\/div><\/div><div id=\"pgc-184-0-1\"  class=\"panel-grid-cell\" ><div id=\"panel-184-0-1-0\" class=\"so-panel widget widget_search panel-first-child panel-last-child\" data-index=\"1\" >\n<form method=\"get\" class=\"searchform\" action=\"https:\/\/www.bountydevelops.com\/web\/\" role=\"search\">\n\t<label for=\"search-form\" class=\"screen-reader-text\">Buscar:<\/label>\n\t<input type=\"search\" name=\"s\" class=\"field\" id=\"search-form\" value=\"\" placeholder=\"B\u00fasqueda\"\/>\n<\/form>\n<\/div><\/div><div id=\"pgc-184-0-2\"  class=\"panel-grid-cell\" ><div id=\"panel-184-0-2-0\" class=\"so-panel widget widget_vantage-social-media panel-first-child panel-last-child\" data-index=\"2\" ><div class=\"redeshome panel-widget-style panel-widget-style-for-184-0-2-0\" ><a class=\"social-media-icon social-media-icon-facebook social-media-icon-size-medium\" href=\"#\" title=\"BOUNTY DEVELOPS S.L Facebook\" ><span class=\"fa fa-facebook\"><\/span><\/a><a class=\"social-media-icon social-media-icon-linkedin social-media-icon-size-medium\" href=\"#\" title=\"BOUNTY DEVELOPS S.L LinkedIn\" ><span class=\"fa fa-linkedin\"><\/span><\/a><a class=\"social-media-icon social-media-icon-skype social-media-icon-size-medium\" href=\"skype:#\" title=\"BOUNTY DEVELOPS S.L Skype\" ><span class=\"fa fa-skype\"><\/span><\/a><\/div><\/div><\/div><\/div><div id=\"pg-184-1\"  class=\"panel-grid panel-has-style\" ><div class=\"siteorigin-panels-stretch panel-row-style-full-width panel-row-style panel-row-style-for-184-1\" data-stretch-type=\"full-stretched\" ><div id=\"pgc-184-1-0\"  class=\"panel-grid-cell\" ><div id=\"panel-184-1-0-0\" class=\"so-panel widget widget_sow-headline panel-first-child panel-last-child\" data-index=\"3\" ><div class=\"panel-widget-style panel-widget-style-for-184-1-0-0\" ><div class=\"so-widget-sow-headline so-widget-sow-headline-default-771b70f7f01f-184\"><div class=\"sow-headline-container \">\n\t<h2 class='sow-headline'>Bienvenido<\/h2><h3 class='sow-sub-headline'>Le damos una cordial bienvenida y lo invitamos a conocer nuestros servicios <\/h3><\/div><\/div><\/div><\/div><\/div><\/div><\/div><div id=\"pg-184-2\"  class=\"panel-grid panel-has-style\" ><div class=\"siteorigin-panels-stretch panel-row-style-full-width panel-row-style panel-row-style-for-184-2\" data-stretch-type=\"full\" ><div id=\"pgc-184-2-0\"  class=\"panel-grid-cell\" ><div id=\"panel-184-2-0-0\" class=\"so-panel widget widget_media_image panel-first-child\" data-index=\"4\" ><div class=\"imagenserviciostres panel-widget-style panel-widget-style-for-184-2-0-0\" ><img width=\"300\" height=\"185\" src=\"https:\/\/www.bountydevelops.com\/web\/wp-content\/uploads\/2017\/06\/consultoria-300x185.png\" class=\"image wp-image-421  attachment-medium size-medium\" alt=\"\" loading=\"lazy\" style=\"max-width: 100%; height: auto;\" srcset=\"https:\/\/www.bountydevelops.com\/web\/wp-content\/uploads\/2017\/06\/consultoria-300x185.png 300w, https:\/\/www.bountydevelops.com\/web\/wp-content\/uploads\/2017\/06\/consultoria.png 417w\" sizes=\"(max-width: 300px) 100vw, 300px\" \/><\/div><\/div><div id=\"panel-184-2-0-1\" class=\"so-panel widget widget_sow-headline\" data-index=\"5\" ><div class=\"so-widget-sow-headline so-widget-sow-headline-default-eb58c90b4a68-184\"><div class=\"sow-headline-container \">\n\t<h2 class='sow-headline'>\t\t\t\t\t\t<a href=\"#\" >\n\t\t\t\t\tConsultor\u00eda y Fortalecimiento Empresarial<\/a><\/h2>\t\t\t\t\t<div class=\"decoration\">\n\t\t\t\t\t\t<div class=\"decoration-inside\"><\/div>\n\t\t\t\t\t<\/div>\n\t\t\t\t\t<\/div><\/div><\/div><div id=\"panel-184-2-0-2\" class=\"so-panel widget widget_text panel-last-child\" data-index=\"6\" ><div class=\"panel-widget-style panel-widget-style-for-184-2-0-2\" >\t\t\t<div class=\"textwidget\"><div class=\"m_2886746814622632494m_7097034841070657690MsoListParagraphCxSpMiddle\">\n<p>Mediante consultores profesionales, realizamos estudios de factibilidad, desarrollamos tu empresa y la damos a conocer al mundo. Somos expertos en:<\/p>\n<ul>\n<li>Desarrollo empresarial<\/li>\n<li>Aeron\u00e1utica<\/li>\n<li>Econom\u00eda<\/li>\n<\/ul>\n<\/div>\n<\/div>\n\t\t<\/div><\/div><\/div><div id=\"pgc-184-2-1\"  class=\"panel-grid-cell\" ><div id=\"panel-184-2-1-0\" class=\"so-panel widget widget_media_image panel-first-child\" data-index=\"7\" ><div class=\"imagenserviciostres panel-widget-style panel-widget-style-for-184-2-1-0\" ><img width=\"300\" height=\"185\" src=\"https:\/\/www.bountydevelops.com\/web\/wp-content\/uploads\/2017\/06\/formacion-300x185.png\" class=\"image wp-image-422  attachment-medium size-medium\" alt=\"\" loading=\"lazy\" style=\"max-width: 100%; height: auto;\" srcset=\"https:\/\/www.bountydevelops.com\/web\/wp-content\/uploads\/2017\/06\/formacion-300x185.png 300w, https:\/\/www.bountydevelops.com\/web\/wp-content\/uploads\/2017\/06\/formacion.png 417w\" sizes=\"(max-width: 300px) 100vw, 300px\" \/><\/div><\/div><div id=\"panel-184-2-1-1\" class=\"so-panel widget widget_sow-headline\" data-index=\"8\" ><div class=\"so-widget-sow-headline so-widget-sow-headline-default-eb58c90b4a68-184\"><div class=\"sow-headline-container \">\n\t<h2 class='sow-headline'>\t\t\t\t\t\t<a href=\"#\" >\n\t\t\t\t\tFormaci\u00f3n Certificada<\/a><\/h2>\t\t\t\t\t<div class=\"decoration\">\n\t\t\t\t\t\t<div class=\"decoration-inside\"><\/div>\n\t\t\t\t\t<\/div>\n\t\t\t\t\t<\/div><\/div><\/div><div id=\"panel-184-2-1-2\" class=\"so-panel widget widget_text panel-last-child\" data-index=\"9\" ><div class=\"panel-widget-style panel-widget-style-for-184-2-1-2\" >\t\t\t<div class=\"textwidget\"><div class=\"m_2886746814622632494m_7097034841070657690MsoListParagraphCxSpMiddle\">\n<p>Formaci\u00f3n ejecutiva con certificaci\u00f3n europea adaptada a las necesidades de tu organizaci\u00f3n. Prep\u00e1rate en los mejores programas en:<\/p>\n<ul>\n<li>Aseguramiento de calidad<\/li>\n<li>Aeron\u00e1utica<\/li>\n<li>Econom\u00eda y finanzas<\/li>\n<li>Marketing y comunicaciones<\/li>\n<li>Comercial y ventas<\/li>\n<li>Gerencia y RRHH<\/li>\n<\/ul>\n<\/div>\n<\/div>\n\t\t<\/div><\/div><\/div><div id=\"pgc-184-2-2\"  class=\"panel-grid-cell\" ><div id=\"panel-184-2-2-0\" class=\"so-panel widget widget_media_image panel-first-child\" data-index=\"10\" ><div class=\"imagenserviciostres panel-widget-style panel-widget-style-for-184-2-2-0\" ><img width=\"300\" height=\"186\" src=\"https:\/\/www.bountydevelops.com\/web\/wp-content\/uploads\/2017\/06\/conferencias-300x186.png\" class=\"image wp-image-420  attachment-medium size-medium\" alt=\"\" loading=\"lazy\" style=\"max-width: 100%; height: auto;\" srcset=\"https:\/\/www.bountydevelops.com\/web\/wp-content\/uploads\/2017\/06\/conferencias-300x186.png 300w, https:\/\/www.bountydevelops.com\/web\/wp-content\/uploads\/2017\/06\/conferencias.png 417w\" sizes=\"(max-width: 300px) 100vw, 300px\" \/><\/div><\/div><div id=\"panel-184-2-2-1\" class=\"so-panel widget widget_sow-headline\" data-index=\"11\" ><div class=\"so-widget-sow-headline so-widget-sow-headline-default-eb58c90b4a68-184\"><div class=\"sow-headline-container \">\n\t<h2 class='sow-headline'>\t\t\t\t\t\t<a href=\"#\" >\n\t\t\t\t\tEventos y Conferencia<\/a><\/h2>\t\t\t\t\t<div class=\"decoration\">\n\t\t\t\t\t\t<div class=\"decoration-inside\"><\/div>\n\t\t\t\t\t<\/div>\n\t\t\t\t\t<\/div><\/div><\/div><div id=\"panel-184-2-2-2\" class=\"so-panel widget widget_text panel-last-child\" data-index=\"12\" ><div class=\"panel-widget-style panel-widget-style-for-184-2-2-2\" >\t\t\t<div class=\"textwidget\"><div class=\"m_2886746814622632494m_7097034841070657690MsoListParagraphCxSpMiddle\">\n<p>Impartidas por expertos internacionales con amplia experiencia en la industria, que potenciar\u00e1n el \u00e9xito personal y en tu empresa.<\/p>\n<ul>\n<li>  Ingreso al mercado europeo<\/li>\n<li>Emprendimiento<\/li>\n<li>Recuperaci\u00f3n econ\u00f3mica<\/li>\n<li>Creaci\u00f3n de empresas<\/li>\n<li>Desarrollo empresarial<\/li>\n<li>Estrategias en E-commerce<\/li>\n<li>Desarrollo web, imagen corporativa y redes sociales<\/li>\n<\/ul>\n<\/div>\n\t\t<\/div><\/div><\/div><\/div><\/div><div id=\"pg-184-3\"  class=\"panel-grid panel-has-style\" ><div class=\"siteorigin-panels-stretch panel-row-style-full-width panel-row-style panel-row-style-for-184-3\" data-stretch-type=\"full-stretched\" ><div id=\"pgc-184-3-0\"  class=\"panel-grid-cell\" ><div id=\"panel-184-3-0-0\" class=\"so-panel widget widget_sow-headline panel-first-child panel-last-child\" data-index=\"13\" ><div class=\"panel-widget-style panel-widget-style-for-184-3-0-0\" ><div class=\"so-widget-sow-headline so-widget-sow-headline-default-771b70f7f01f-184\"><div class=\"sow-headline-container \">\n\t<h3 class='sow-sub-headline'>Nuestra Historia de Exito<\/h3><\/div><\/div><\/div><\/div><\/div><\/div><\/div><div id=\"pg-184-4\"  class=\"panel-grid panel-has-style\" ><div class=\"siteorigin-panels-stretch panel-row-style-full-width panel-row-style panel-row-style-for-184-4\" data-stretch-type=\"full-stretched\" ><div id=\"pgc-184-4-0\"  class=\"panel-grid-cell\" ><div id=\"panel-184-4-0-0\" class=\"widget_text so-panel widget widget_custom_html panel-first-child panel-last-child\" data-index=\"14\" ><div class=\"textwidget custom-html-widget\"><iframe width=\"560\" height=\"315\" src=\"https:\/\/www.youtube.com\/embed\/JgS0c4VJp_U\" frameborder=\"0\" allow=\"accelerometer; autoplay; encrypted-media; gyroscope; picture-in-picture\" allowfullscreen><\/iframe><\/div><\/div><\/div><div id=\"pgc-184-4-1\"  class=\"panel-grid-cell\" ><div id=\"panel-184-4-1-0\" class=\"widget_text so-panel widget widget_custom_html panel-first-child\" data-index=\"15\" ><div class=\"textwidget custom-html-widget\"><div class=\"textwidget\"><h3 class=\"textouno\">Una Historia de \u00c9xito,<\/h3>\n<h3 class=\"dostexto\">Basada en Innovaci\u00f3n y Buen Trabajo<\/h3>\n<\/div><\/div><\/div><div id=\"panel-184-4-1-1\" class=\"so-panel widget widget_media_image\" data-index=\"16\" ><div class=\"logohomehde panel-widget-style panel-widget-style-for-184-4-1-1\" ><img width=\"169\" height=\"88\" src=\"https:\/\/www.bountydevelops.com\/web\/wp-content\/uploads\/2019\/03\/cropped-Bounty-Develops.png\" class=\"image wp-image-237  attachment-full size-full\" alt=\"\" loading=\"lazy\" style=\"max-width: 100%; height: auto;\" \/><\/div><\/div><div id=\"panel-184-4-1-2\" class=\"widget_text so-panel widget widget_custom_html panel-last-child\" data-index=\"17\" ><div class=\"textwidget custom-html-widget\"><div class=\"textwidget\">\n<h3 class=\"textocuatro\">Mira la Entrevista a Nuestro CEO<\/h3>\n<\/div><\/div><\/div><\/div><\/div><\/div><div id=\"pg-184-5\"  class=\"panel-grid panel-has-style\" ><div class=\"siteorigin-panels-stretch panel-row-style-full-width panel-row-style panel-row-style-for-184-5\" data-stretch-type=\"full-stretched\" ><div id=\"pgc-184-5-0\"  class=\"panel-grid-cell\" ><div id=\"panel-184-5-0-0\" class=\"so-panel widget widget_sow-headline panel-first-child panel-last-child\" data-index=\"18\" ><div class=\"panel-widget-style panel-widget-style-for-184-5-0-0\" ><div class=\"so-widget-sow-headline so-widget-sow-headline-default-771b70f7f01f-184\"><div class=\"sow-headline-container \">\n\t<h3 class='sow-sub-headline'>Sedes en Madrid, Bogot\u00e1, Qufu<\/h3><\/div><\/div><\/div><\/div><\/div><\/div><\/div><div id=\"pg-184-6\"  class=\"panel-grid panel-has-style\" ><div class=\"siteorigin-panels-stretch panel-row-style-full-width panel-row-style panel-row-style-for-184-6\" data-stretch-type=\"full-stretched\" ><div id=\"pgc-184-6-0\"  class=\"panel-grid-cell\" ><div id=\"panel-184-6-0-0\" class=\"widget_text so-panel widget widget_custom_html panel-first-child panel-last-child\" data-index=\"19\" ><div class=\"textwidget custom-html-widget\"><div id=\"wpgmza_map\" class=\"wpgmza_map\" data-settings='{\"id\":\"1\",\"map_title\":\"Mapa Home\",\"map_width\":\"100\",\"map_height\":\"400\",\"map_start_lat\":\"24.542229\",\"map_start_lng\":\"-154.619956\",\"map_start_location\":\"24.542229,-154.619956\",\"map_start_zoom\":\"3\",\"default_marker\":\"0\",\"type\":\"1\",\"alignment\":\"1\",\"directions_enabled\":\"1\",\"styling_enabled\":\"0\",\"styling_json\":\"\",\"active\":\"0\",\"kml\":\"\",\"bicycle\":\"0\",\"traffic\":\"0\",\"dbox\":\"1\",\"dbox_width\":\"100\",\"listmarkers\":\"0\",\"listmarkers_advanced\":\"0\",\"filterbycat\":\"0\",\"ugm_enabled\":\"0\",\"ugm_category_enabled\":\"0\",\"fusion\":\"\",\"map_width_type\":\"\\\\%\",\"map_height_type\":\"px\",\"mass_marker_support\":\"1\",\"ugm_access\":\"0\",\"order_markers_by\":\"1\",\"order_markers_choice\":\"2\",\"show_user_location\":\"0\",\"default_to\":\"\",\"other_settings\":{\"store_locator_enabled\":2,\"store_locator_distance\":2,\"store_locator_default_radius\":\"10\",\"store_locator_not_found_message\":\"No results found in this location. Please try again.\",\"store_locator_bounce\":1,\"store_locator_query_string\":\"ZIP \\\/ C\\u00f3digo Postal \\\/ Direcci\\u00f3n\",\"store_locator_default_address\":\"\",\"wpgmza_store_locator_restrict\":\"\",\"store_locator_style\":\"modern\",\"wpgmza_store_locator_radius_style\":\"modern\",\"map_max_zoom\":\"1\",\"transport_layer\":0,\"wpgmza_theme_data\":\"\",\"wpgmza_show_points_of_interest\":1}}' data-map-id='1' Data-maps-engine='google-maps' data-shortcode-attributes='{\"id\":\"1\"}' style=\"display:block; overflow:auto; width:100%; height:400px; float:left;\"><\/div><\/div><\/div><\/div><\/div><\/div><div id=\"pg-184-7\"  class=\"panel-grid panel-has-style\" ><div class=\"siteorigin-panels-stretch panel-row-style-full-width panel-row-style panel-row-style-for-184-7\" data-stretch-type=\"full-stretched\" ><div id=\"pgc-184-7-0\"  class=\"panel-grid-cell\" ><div id=\"panel-184-7-0-0\" class=\"so-panel widget widget_media_image panel-first-child panel-last-child\" data-index=\"20\" ><div class=\"panel-widget-style panel-widget-style-for-184-7-0-0\" ><img width=\"182\" height=\"88\" src=\"https:\/\/www.bountydevelops.com\/web\/wp-content\/uploads\/2019\/03\/Bounty-Develops.png\" class=\"image wp-image-235  attachment-full size-full\" alt=\"\" loading=\"lazy\" style=\"max-width: 100%; height: auto;\" \/><\/div><\/div><\/div><div id=\"pgc-184-7-1\"  class=\"panel-grid-cell panel-grid-cell-empty\" ><\/div><div id=\"pgc-184-7-2\"  class=\"panel-grid-cell\" ><div id=\"panel-184-7-2-0\" class=\"so-panel widget widget_media_image panel-first-child panel-last-child\" data-index=\"21\" ><img width=\"54\" height=\"54\" src=\"https:\/\/www.bountydevelops.com\/web\/wp-content\/uploads\/2017\/06\/flecha.png\" class=\"image wp-image-449  attachment-full size-full\" alt=\"\" loading=\"lazy\" style=\"max-width: 100%; height: auto;\" \/><\/div><\/div><div id=\"pgc-184-7-3\"  class=\"panel-grid-cell\" ><div id=\"panel-184-7-3-0\" class=\"so-panel widget widget_text panel-first-child panel-last-child\" data-index=\"22\" ><div class=\"textocontacto panel-widget-style panel-widget-style-for-184-7-3-0\" ><h3 class=\"widget-title\">\u00bfTienes alguna pregunta?<\/h3>\t\t\t<div class=\"textwidget\"><p>Cont\u00e1ctanos r\u00e1pidamente por cualquier medio<\/p>\n<\/div>\n\t\t<\/div><\/div><\/div><\/div><\/div><div id=\"pg-184-8\"  class=\"panel-grid panel-has-style\" ><div class=\"siteorigin-panels-stretch panel-row-style-full-width panel-row-style panel-row-style-for-184-8\" style=\"background-color: #2d343e; \" data-stretch-type=\"full\" ><div id=\"pgc-184-8-0\"  class=\"panel-grid-cell\" ><div id=\"panel-184-8-0-0\" class=\"so-panel widget widget_sow-headline panel-first-child\" data-index=\"23\" ><div class=\"so-widget-sow-headline so-widget-sow-headline-default-e903c224e7c6-184\"><div class=\"sow-headline-container \">\n\t<h2 class='sow-headline'>CONT\u00c1CTO<\/h2><\/div><\/div><\/div><div id=\"panel-184-8-0-1\" class=\"so-panel widget widget_sow-editor\" data-index=\"24\" ><div class=\"so-widget-sow-editor so-widget-sow-editor-base\">\n<div class=\"siteorigin-widget-tinymce textwidget\">\n\t<p>Bogot\u00e1, Colombia<br \/>\n(57) 311 223 49 55<br \/>\ngerentecol@bountydevelops.com<\/p>\n<p>Madrid, Espa\u00f1a<br \/>\nCalle Aturo Soria 245<br \/>\n(34) 602 64 04 08<br \/>\ndireccion@bountydevelops.com<\/p>\n<p>&nbsp;<\/p>\n<\/div>\n<\/div><\/div><div id=\"panel-184-8-0-2\" class=\"so-panel widget widget_sow-social-media-buttons panel-last-child\" data-index=\"25\" ><div class=\"so-widget-sow-social-media-buttons so-widget-sow-social-media-buttons-wire-7fb00acbc9f7-184\">\n\n<div class=\"social-media-button-container\">\n\t\n\t\t<a class=\"ow-button-hover sow-social-media-button-facebook-0 sow-social-media-button\" title=\"BOUNTY DEVELOPS S.L en Facebook\" aria-label=\"BOUNTY DEVELOPS S.L en Facebook\" target=\"_blank\" rel=\"noopener noreferrer\" >\n\t\t\t<span>\n\t\t\t\t\t\t\t\t<span class=\"sow-icon-fontawesome sow-fab\" data-sow-icon=\"&#xf39e;\"\n\t\t ><\/span>\t\t\t\t\t\t\t<\/span>\n\t\t<\/a>\n\t\n\t\t<a class=\"ow-button-hover sow-social-media-button-twitter-0 sow-social-media-button\" title=\"BOUNTY DEVELOPS S.L en Twitter\" aria-label=\"BOUNTY DEVELOPS S.L en Twitter\" target=\"_blank\" rel=\"noopener noreferrer\" >\n\t\t\t<span>\n\t\t\t\t\t\t\t\t<span class=\"sow-icon-fontawesome sow-fab\" data-sow-icon=\"&#xf099;\"\n\t\t ><\/span>\t\t\t\t\t\t\t<\/span>\n\t\t<\/a>\n\t\n\t\t<a class=\"ow-button-hover sow-social-media-button--0 sow-social-media-button\" title=\"BOUNTY DEVELOPS S.L en \" aria-label=\"BOUNTY DEVELOPS S.L en \" target=\"_blank\" rel=\"noopener noreferrer\" >\n\t\t\t<span>\n\t\t\t\t\t\t\t\t\t\t\t\t\t\t\t<\/span>\n\t\t<\/a>\n\t\n\t\t<a class=\"ow-button-hover sow-social-media-button-instagram-0 sow-social-media-button\" title=\"BOUNTY DEVELOPS S.L en Instagram\" aria-label=\"BOUNTY DEVELOPS S.L en Instagram\" target=\"_blank\" rel=\"noopener noreferrer\" >\n\t\t\t<span>\n\t\t\t\t\t\t\t\t<span class=\"sow-icon-fontawesome sow-fab\" data-sow-icon=\"&#xf16d;\"\n\t\t ><\/span>\t\t\t\t\t\t\t<\/span>\n\t\t<\/a>\n\t<\/div>\n<\/div><\/div><\/div><div id=\"pgc-184-8-1\"  class=\"panel-grid-cell\" ><div id=\"panel-184-8-1-0\" class=\"so-panel widget widget_sow-headline panel-first-child\" data-index=\"26\" ><div class=\"so-widget-sow-headline so-widget-sow-headline-default-e903c224e7c6-184\"><div class=\"sow-headline-container \">\n\t<h2 class='sow-headline'>ENV\u00cdANOS UN MENSAJE<\/h2><\/div><\/div><\/div><div id=\"panel-184-8-1-1\" class=\"so-panel widget widget_sow-contact-form panel-last-child\" data-index=\"27\" ><div class=\"so-widget-sow-contact-form so-widget-sow-contact-form-default-e036ec626dad-184\">\t<form action=\"#contact-form-36d2\"\n          method=\"POST\" class=\"sow-contact-form\" id=\"contact-form-36d2\">\n\n\t\t\n\t\t            <div class=\"sow-form-field sow-form-field-name\"><label class=\"sow-form-field-label-above\" for=\"sow-contact-form-field-nombre-562e5fae0271d\">\n\t\t\t\t<strong>\n\t\t\t\t\tNombre\t\t\t\t\t\t\t\t\t<\/strong>\n\t\t\t<\/label>\n\t\t\t<span class=\"sow-field-container\">\t\t<input type=\"text\" name=\"nombre-562e5fae0271d\" id=\"sow-contact-form-field-nombre-562e5fae0271d\" value=\"\" class=\"sow-text-field\"\/>\n\t\t<\/span><\/div>            <div class=\"sow-form-field sow-form-field-email\"><label class=\"sow-form-field-label-above\" for=\"sow-contact-form-field-email-562e5fae0271d\">\n\t\t\t\t<strong>\n\t\t\t\t\tEmail\t\t\t\t\t\t\t\t\t<\/strong>\n\t\t\t<\/label>\n\t\t\t<span class=\"sow-field-container\">\t\t<input type=\"email\" name=\"email-562e5fae0271d\" id=\"sow-contact-form-field-email-562e5fae0271d\" value=\"\" class=\"sow-text-field\"\/>\n\t\t<\/span><\/div>            <div class=\"sow-form-field sow-form-field-textarea\"><label class=\"sow-form-field-label-above\" for=\"sow-contact-form-field-mensaje-562e5fae0271d\">\n\t\t\t\t<strong>\n\t\t\t\t\tMensaje\t\t\t\t\t\t\t\t\t<\/strong>\n\t\t\t<\/label>\n\t\t\t<span class=\"sow-field-container\">\t\t<textarea name=\"mensaje-562e5fae0271d\" id=\"sow-contact-form-field-mensaje-562e5fae0271d\" rows=\"10\"><\/textarea>\n\t\t<\/span><\/div>\t\t<input type=\"hidden\" name=\"instance_hash\" value=\"36d2af19f1eba26e9d600dbf44a8b6b6\" \/>\n\t\t<input type=\"hidden\" id=\"_wpnonce\" name=\"_wpnonce\" value=\"4a4766dd71\" \/><input type=\"hidden\" name=\"_wp_http_referer\" value=\"\/web\/wp-json\/wp\/v2\/pages\/184\" \/>\n\t\t\n\t\t<div class=\"sow-submit-wrapper sow-submit-styled\">\n\t\t\t<input type=\"submit\" value=\"Contact Us\" class=\"sow-submit\"\n\t\t\t\t   \t\t\t>\n\t\t<\/div>\n\t<\/form>\n\t<\/div><\/div><\/div><\/div><\/div><\/div>","protected":false},"excerpt":{"rendered":"<p>\u00bfTienes alguna pregunta? Cont\u00e1ctanos r\u00e1pidamente en gerentecol@bountydevelops.com Buscar: BienvenidoLe damos una cordial bienvenida y lo invitamos a conocer nuestros servicios Consultor\u00eda y Fortalecimiento Empresarial Mediante consultores profesionales, realizamos estudios de factibilidad, desarrollamos tu empresa y la damos a conocer al mundo. Somos expertos en: Desarrollo empresarial Aeron\u00e1utica Econom\u00eda Formaci\u00f3n Certificada Formaci\u00f3n ejecutiva con certificaci\u00f3n europea [&hellip;]<\/p>\n","protected":false},"author":1,"featured_media":0,"parent":0,"menu_order":0,"comment_status":"closed","ping_status":"closed","template":"templates\/template-full-notitle.php","meta":[],"_links":{"self":[{"href":"https:\/\/www.bountydevelops.com\/web\/wp-json\/wp\/v2\/pages\/184"}],"collection":[{"href":"https:\/\/www.bountydevelops.com\/web\/wp-json\/wp\/v2\/pages"}],"about":[{"href":"https:\/\/www.bountydevelops.com\/web\/wp-json\/wp\/v2\/types\/page"}],"author":[{"embeddable":true,"href":"https:\/\/www.bountydevelops.com\/web\/wp-json\/wp\/v2\/users\/1"}],"replies":[{"embeddable":true,"href":"https:\/\/www.bountydevelops.com\/web\/wp-json\/wp\/v2\/comments?post=184"}],"version-history":[{"count":147,"href":"https:\/\/www.bountydevelops.com\/web\/wp-json\/wp\/v2\/pages\/184\/revisions"}],"predecessor-version":[{"id":291,"href":"https:\/\/www.bountydevelops.com\/web\/wp-json\/wp\/v2\/pages\/184\/revisions\/291"}],"wp:attachment":[{"href":"https:\/\/www.bountydevelops.com\/web\/wp-json\/wp\/v2\/media?parent=184"}],"curies":[{"name":"wp","href":"https:\/\/api.w.org\/{rel}","templated":true}]}}